{"id":1355,"date":"2022-02-02T16:59:34","date_gmt":"2022-02-02T15:59:34","guid":{"rendered":"https:\/\/www.delphiinstitutet.se\/?page_id=1355"},"modified":"2022-09-16T15:36:15","modified_gmt":"2022-09-16T13:36:15","slug":"research","status":"publish","type":"page","link":"https:\/\/www.delphiinstitutet.se\/en\/research\/","title":{"rendered":"Research"},"content":{"rendered":"<p><div class=\"fusion-bg-parallax\" data-bg-align=\"center center\" data-direction=\"up\" data-mute=\"false\" data-opacity=\"100\" data-velocity=\"-0.3\" data-mobile-enabled=\"false\" data-break_parents=\"0\" data-bg-image=\"https:\/\/www.delphiinstitutet.se\/wp-content\/uploads\/aleksandr-ledogorov-G-JJy-Yv_dA-unsplash.jpg\" data-bg-repeat=\"false\" ><\/div><div class=\"fusion-fullwidth fullwidth-box fusion-builder-row-1 fusion-flex-container fusion-parallax-up nonhundred-percent-fullwidth non-hundred-percent-height-scrolling\" style=\"--awb-border-radius-top-left:0px;--awb-border-radius-top-right:0px;--awb-border-radius-bottom-right:0px;--awb-border-radius-bottom-left:0px;--awb-padding-top:50px;--awb-padding-bottom:50px;--awb-margin-bottom:60px;--awb-background-image:url(&quot;https:\/\/www.delphiinstitutet.se\/wp-content\/uploads\/aleksandr-ledogorov-G-JJy-Yv_dA-unsplash.jpg&quot;);--awb-background-size:cover;--awb-flex-wrap:wrap;\" ><div class=\"fusion-builder-row fusion-row fusion-flex-align-items-stretch fusion-flex-content-wrap\" style=\"max-width:1326px;margin-left: calc(-2% \/ 2 );margin-right: calc(-2% \/ 2 );\"><div class=\"fusion-layout-column fusion_builder_column fusion-builder-column-0 fusion_builder_column_1_3 1_3 fusion-flex-column\" style=\"--awb-padding-top:30px;--awb-padding-right:30px;--awb-padding-bottom:30px;--awb-padding-left:30px;--awb-bg-color:rgba(249,249,249,0.8);--awb-bg-color-hover:rgba(249,249,249,0.8);--awb-bg-size:cover;--awb-width-large:33.333333333333%;--awb-margin-top-large:0px;--awb-spacing-right-large:2.94%;--awb-margin-bottom-large:10px;--awb-spacing-left-large:2.94%;--awb-width-medium:100%;--awb-order-medium:0;--awb-spacing-right-medium:0.98%;--awb-spacing-left-medium:0.98%;--awb-width-small:100%;--awb-order-small:0;--awb-spacing-right-small:0.98%;--awb-spacing-left-small:0.98%;\"><div class=\"fusion-column-wrapper fusion-column-has-shadow fusion-flex-justify-content-flex-start fusion-content-layout-column\"><div class=\"fusion-text fusion-text-1\" style=\"--awb-text-transform:none;\"><h4>Research and evidence basing<\/h4>\n<p>have become watchwords in psychotherapy since the 2000s. Psychotherapy has clearly been shown to be effective, and far more so than placebos, (positive expectation effects). <\/p>\n<p>However, it has not been demonstrated that any particular method, (for example Cognitive Behavioural Therapy or Psychodynamic Therapy), is more effective, overall, than any other.<\/p>\n<\/div><\/div><\/div><div class=\"fusion-layout-column fusion_builder_column fusion-builder-column-1 fusion_builder_column_1_3 1_3 fusion-flex-column\" style=\"--awb-padding-top:30px;--awb-padding-right:30px;--awb-padding-bottom:30px;--awb-padding-left:30px;--awb-bg-color:rgba(249,249,249,0.8);--awb-bg-color-hover:rgba(249,249,249,0.8);--awb-bg-size:cover;--awb-width-large:33.333333333333%;--awb-margin-top-large:0px;--awb-spacing-right-large:2.94%;--awb-margin-bottom-large:10px;--awb-spacing-left-large:2.94%;--awb-width-medium:100%;--awb-order-medium:0;--awb-spacing-right-medium:0.98%;--awb-spacing-left-medium:0.98%;--awb-width-small:100%;--awb-order-small:0;--awb-spacing-right-small:0.98%;--awb-spacing-left-small:0.98%;\"><div class=\"fusion-column-wrapper fusion-column-has-shadow fusion-flex-justify-content-flex-start fusion-content-layout-column\"><div class=\"fusion-text fusion-text-2\" style=\"--awb-text-transform:none;\"><h4>We do know that the therapist\u2019s role<\/h4>\n<p>is extremely central, with around 40 per cent of outcomes determined by this factor. Specific psychotherapy techniques, (for example hypnosis), accounts for some 15 per cent. Insufficient research exists on remaining factors\u2019 percentage shares. What needs to be done now is research into which techniques work best for given conditions. We need to do this to ease human suffering, time and money.<\/p>\n<\/div><\/div><\/div><div class=\"fusion-layout-column fusion_builder_column fusion-builder-column-2 fusion_builder_column_1_3 1_3 fusion-flex-column\" style=\"--awb-padding-top:30px;--awb-padding-right:30px;--awb-padding-bottom:30px;--awb-padding-left:30px;--awb-bg-color:rgba(249,249,249,0.8);--awb-bg-color-hover:rgba(249,249,249,0.8);--awb-bg-size:cover;--awb-width-large:33.333333333333%;--awb-margin-top-large:0px;--awb-spacing-right-large:2.94%;--awb-margin-bottom-large:10px;--awb-spacing-left-large:2.94%;--awb-width-medium:100%;--awb-order-medium:0;--awb-spacing-right-medium:0.98%;--awb-spacing-left-medium:0.98%;--awb-width-small:100%;--awb-order-small:0;--awb-spacing-right-small:0.98%;--awb-spacing-left-small:0.98%;\"><div class=\"fusion-column-wrapper fusion-column-has-shadow fusion-flex-justify-content-flex-start fusion-content-layout-column\"><div class=\"fusion-text fusion-text-3\" style=\"--awb-text-transform:none;\"><h4>The Delphi Institute\u2019s Pleroma research group<\/h4>\n<p>is a network that has been established to do just this. <\/p>\n<p>Pleroma has links with universities and is made up of psychotherapists with extensive clinical and research experience, many of whom have doctorates.<\/p>\n<\/div><\/div><\/div><\/div><\/div><div class=\"fusion-fullwidth fullwidth-box fusion-builder-row-2 fusion-flex-container nonhundred-percent-fullwidth non-hundred-percent-height-scrolling metodcitaten\" style=\"--awb-border-radius-top-left:0px;--awb-border-radius-top-right:0px;--awb-border-radius-bottom-right:0px;--awb-border-radius-bottom-left:0px;--awb-margin-bottom:20px;--awb-flex-wrap:wrap;\" ><div class=\"fusion-builder-row fusion-row fusion-flex-align-items-flex-start fusion-flex-content-wrap\" style=\"max-width:1326px;margin-left: calc(-2% \/ 2 );margin-right: calc(-2% \/ 2 );\"><div class=\"fusion-layout-column fusion_builder_column fusion-builder-column-3 fusion_builder_column_1_1 1_1 fusion-flex-column\" style=\"--awb-bg-size:cover;--awb-width-large:100%;--awb-margin-top-large:0px;--awb-spacing-right-large:0.98%;--awb-margin-bottom-large:10px;--awb-spacing-left-large:0.98%;--awb-width-medium:100%;--awb-order-medium:0;--awb-spacing-right-medium:0.98%;--awb-spacing-left-medium:0.98%;--awb-width-small:100%;--awb-order-small:0;--awb-spacing-right-small:0.98%;--awb-spacing-left-small:0.98%;\"><div class=\"fusion-column-wrapper fusion-column-has-shadow fusion-flex-justify-content-flex-start fusion-content-layout-column\"><div class=\"fusion-text fusion-text-4\" style=\"--awb-text-transform:none;\"><h4>References:<\/h4>\n<p>Barlow, D. H. (2008) (4th Ed.). Clinical Handbook of Psychological Disorders. A Step-by Step Treatment Manual. New York: The Guilford Press.<br \/>Belli, R. F. (2012) (Ed.). True and False Recovered Memories. Springer New York.<br \/>Cain, D. J. &amp; Seeman, J. (2001). Humanistic Psychotherapies: Handbook of Research and Practice<br \/>Castonguay, L. G. &amp; Beutler, L. E. (2006). Principles of Therapeutic change That Work. Oxford: Oxford University Press.<br \/>Castonguay, L. G., Muran, J. C., Angus, L. E. &amp; Hayes, J. A. (2010). Bringing Psychotherapy Research to Life: Understanding Change Through the Work of Leading Clinical Researchers<br \/>Chambless, D. L. &amp; Hollon, S. D. (1998). Defining empirically supported therapies. Journal of Consulting and Clinical Psychology, 7-18<br \/>Cooper, M. (2008) Essential Research Findings in Counselling and Psychotherapy: The Facts are Friendly<br \/>Cooper, M., Watson, J. C. Holldampf, D. (2010). Person-Centered and Experiential Therapies Work: A reviewof the Research on Counselling. Psychotherapy and Related Practices by Contributors<br \/>Elliott, R. (1998). Editors introduction: A guide to the empirically supported treatments controversy. Psychotherapy Research, 8, 115-170<br \/>Eriksson, B. (2014). Konceptualisering i psykodynamisk terapi. Att begripligg\u00f6ra m\u00e4nniskor i rummet, situationen, personen och bakgrundshistorien. Studentlitteratur<br \/>Kazdin, A. Treatment outcomes, common factors and continued neglect of mechanisms of Change. Clinical Psychology: Science and Practice. 2005; 12:184-8<br \/>Kazantzis, N., L\u00b4Abate, L. &amp; Gerard, F. (2010). Handbook of Homework Assignments in Psychotherapy: Understanding Change Through the Work of Leading Clinical Researchers<br \/>Lambert, M. J. (2004). (5th Ed.). Bergin and Garfield\u00b4s Handbook of Psychotherapy and Behaviour Change. New York: John Wiley &amp; Sons<br \/>Levy, R., Ablon, S. J. &amp; K\u00e4chele, H. (2011). Psychodynamic Psychotherapy Research: Evidence-Based Practice and Practice-Based Evidence (Current Clinical Psychiatry)<br \/>Loewenthal, D. (2007). Case Studies in Relational Research: Qualitative Research Methods in Counselling and Psychotherapy<br \/>Luborsky, E. &amp; Luborsky, L. (2006). Research and Psychotherapy: The Vital Link<br \/>McLeod, J. (2010). Case Study Research in Counselling and Psychotherapy<br \/>McLeod, J. (2010). Qualitative Research in Counselling and psychotherapy<br \/>Meltzoff, J. &amp; Kornreich, M. (2008). Research in Psychotherapy<br \/>Midgley, N., Anderson, J. Grainger, E. &amp; Nesic-Vuckovic, T. (2009). Child Psychotherapy and Research<br \/>Orlinsky, D. Raennestad, M. Willutzki, U. Fifty years of psychotherapy-outcome research: Continuity and change. In: Lambert, M. (ed). Bergin and Garfield\u00b4s handbook of psychotherapy and behavior change. New York: John Wiley &amp; Sons; 2004. p. 307-90.<br \/>Report of the Presidential Task Force on Evidence-Based Practice, July 1, 2005. American Psychological Association, Washington, DC. http:\/\/www.apa.org\/practice\/ebpreport.pdf.<br \/>Roth, A. &amp; Fonagy, P. (2004). What Works for Whom? A Critical review of Psychotherapy Research<br \/>Schr\u00f6der, T. (2003). Det omedvetna &#8211; En dr\u00f6m om det \u00e4kta. Symposion<br \/>Western, D. Novotny, C. The empirical status of empirically supported psychotherapies: Assumptions, findings, and reporting in controlled clinical trials. Psychological Bulletin. 2004; 130: 631-63.<\/p>\n<p><a href=\"https:\/\/www.delphiinstitutet.se\/wp-content\/uploads\/Evidensbasering.doc\" target=\"_blank\" rel=\"noopener\">Om Evidensbasering ; en artikel av Rolf Sandell <i class=\"fas fa-arrow-right\"><\/i><\/a><br \/><a href=\"https:\/\/www.delphiinstitutet.se\/wp-content\/uploads\/Psykoterapiforskning_Wilczek.pdf\" target=\"_blank\" rel=\"noopener\">Om psykoterapiforskning; en artikel av A Wilczek <i class=\"fas fa-arrow-right\"><\/i><\/a><\/p>\n<\/div><\/div><\/div><\/div><\/div><\/p>\n","protected":false},"excerpt":{"rendered":"","protected":false},"author":1,"featured_media":0,"parent":0,"menu_order":40,"comment_status":"closed","ping_status":"closed","template":"100-width.php","meta":{"footnotes":""},"class_list":["post-1355","page","type-page","status-publish","hentry"],"yoast_head":"<!-- This site is optimized with the Yoast SEO plugin v27.5 - https:\/\/yoast.com\/product\/yoast-seo-wordpress\/ -->\n<title>Research - Delphiinstitutet<\/title>\n<meta name=\"robots\" content=\"index, follow, max-snippet:-1, max-image-preview:large, max-video-preview:-1\" \/>\n<link rel=\"canonical\" href=\"https:\/\/www.delphiinstitutet.se\/en\/research\/\" \/>\n<meta property=\"og:locale\" content=\"en_US\" \/>\n<meta property=\"og:type\" content=\"article\" \/>\n<meta property=\"og:title\" content=\"Research - Delphiinstitutet\" \/>\n<meta property=\"og:url\" content=\"https:\/\/www.delphiinstitutet.se\/en\/research\/\" \/>\n<meta property=\"og:site_name\" content=\"Delphiinstitutet\" \/>\n<meta property=\"article:modified_time\" content=\"2022-09-16T13:36:15+00:00\" \/>\n<meta name=\"twitter:card\" content=\"summary_large_image\" \/>\n<meta name=\"twitter:label1\" content=\"Est. reading time\" \/>\n\t<meta name=\"twitter:data1\" content=\"13 minutes\" \/>\n<script type=\"application\/ld+json\" class=\"yoast-schema-graph\">{\"@context\":\"https:\\\/\\\/schema.org\",\"@graph\":[{\"@type\":\"WebPage\",\"@id\":\"https:\\\/\\\/www.delphiinstitutet.se\\\/en\\\/research\\\/\",\"url\":\"https:\\\/\\\/www.delphiinstitutet.se\\\/en\\\/research\\\/\",\"name\":\"Research - Delphiinstitutet\",\"isPartOf\":{\"@id\":\"https:\\\/\\\/www.delphiinstitutet.se\\\/#website\"},\"datePublished\":\"2022-02-02T15:59:34+00:00\",\"dateModified\":\"2022-09-16T13:36:15+00:00\",\"breadcrumb\":{\"@id\":\"https:\\\/\\\/www.delphiinstitutet.se\\\/en\\\/research\\\/#breadcrumb\"},\"inLanguage\":\"en-US\",\"potentialAction\":[{\"@type\":\"ReadAction\",\"target\":[\"https:\\\/\\\/www.delphiinstitutet.se\\\/en\\\/research\\\/\"]}]},{\"@type\":\"BreadcrumbList\",\"@id\":\"https:\\\/\\\/www.delphiinstitutet.se\\\/en\\\/research\\\/#breadcrumb\",\"itemListElement\":[{\"@type\":\"ListItem\",\"position\":1,\"name\":\"Hem\",\"item\":\"https:\\\/\\\/www.delphiinstitutet.se\\\/en\\\/\"},{\"@type\":\"ListItem\",\"position\":2,\"name\":\"Research\"}]},{\"@type\":\"WebSite\",\"@id\":\"https:\\\/\\\/www.delphiinstitutet.se\\\/#website\",\"url\":\"https:\\\/\\\/www.delphiinstitutet.se\\\/\",\"name\":\"Delphiinstitutet\",\"description\":\"K\u00e4nn Dig Sj\u00e4lv - Gnothi Seavton\",\"potentialAction\":[{\"@type\":\"SearchAction\",\"target\":{\"@type\":\"EntryPoint\",\"urlTemplate\":\"https:\\\/\\\/www.delphiinstitutet.se\\\/?s={search_term_string}\"},\"query-input\":{\"@type\":\"PropertyValueSpecification\",\"valueRequired\":true,\"valueName\":\"search_term_string\"}}],\"inLanguage\":\"en-US\"}]}<\/script>\n<!-- \/ Yoast SEO plugin. -->","yoast_head_json":{"title":"Research - Delphiinstitutet","robots":{"index":"index","follow":"follow","max-snippet":"max-snippet:-1","max-image-preview":"max-image-preview:large","max-video-preview":"max-video-preview:-1"},"canonical":"https:\/\/www.delphiinstitutet.se\/en\/research\/","og_locale":"en_US","og_type":"article","og_title":"Research - Delphiinstitutet","og_url":"https:\/\/www.delphiinstitutet.se\/en\/research\/","og_site_name":"Delphiinstitutet","article_modified_time":"2022-09-16T13:36:15+00:00","twitter_card":"summary_large_image","twitter_misc":{"Est. reading time":"13 minutes"},"schema":{"@context":"https:\/\/schema.org","@graph":[{"@type":"WebPage","@id":"https:\/\/www.delphiinstitutet.se\/en\/research\/","url":"https:\/\/www.delphiinstitutet.se\/en\/research\/","name":"Research - Delphiinstitutet","isPartOf":{"@id":"https:\/\/www.delphiinstitutet.se\/#website"},"datePublished":"2022-02-02T15:59:34+00:00","dateModified":"2022-09-16T13:36:15+00:00","breadcrumb":{"@id":"https:\/\/www.delphiinstitutet.se\/en\/research\/#breadcrumb"},"inLanguage":"en-US","potentialAction":[{"@type":"ReadAction","target":["https:\/\/www.delphiinstitutet.se\/en\/research\/"]}]},{"@type":"BreadcrumbList","@id":"https:\/\/www.delphiinstitutet.se\/en\/research\/#breadcrumb","itemListElement":[{"@type":"ListItem","position":1,"name":"Hem","item":"https:\/\/www.delphiinstitutet.se\/en\/"},{"@type":"ListItem","position":2,"name":"Research"}]},{"@type":"WebSite","@id":"https:\/\/www.delphiinstitutet.se\/#website","url":"https:\/\/www.delphiinstitutet.se\/","name":"Delphiinstitutet","description":"K\u00e4nn Dig Sj\u00e4lv - Gnothi Seavton","potentialAction":[{"@type":"SearchAction","target":{"@type":"EntryPoint","urlTemplate":"https:\/\/www.delphiinstitutet.se\/?s={search_term_string}"},"query-input":{"@type":"PropertyValueSpecification","valueRequired":true,"valueName":"search_term_string"}}],"inLanguage":"en-US"}]}},"_links":{"self":[{"href":"https:\/\/www.delphiinstitutet.se\/en\/wp-json\/wp\/v2\/pages\/1355","targetHints":{"allow":["GET"]}}],"collection":[{"href":"https:\/\/www.delphiinstitutet.se\/en\/wp-json\/wp\/v2\/pages"}],"about":[{"href":"https:\/\/www.delphiinstitutet.se\/en\/wp-json\/wp\/v2\/types\/page"}],"author":[{"embeddable":true,"href":"https:\/\/www.delphiinstitutet.se\/en\/wp-json\/wp\/v2\/users\/1"}],"replies":[{"embeddable":true,"href":"https:\/\/www.delphiinstitutet.se\/en\/wp-json\/wp\/v2\/comments?post=1355"}],"version-history":[{"count":6,"href":"https:\/\/www.delphiinstitutet.se\/en\/wp-json\/wp\/v2\/pages\/1355\/revisions"}],"predecessor-version":[{"id":1361,"href":"https:\/\/www.delphiinstitutet.se\/en\/wp-json\/wp\/v2\/pages\/1355\/revisions\/1361"}],"wp:attachment":[{"href":"https:\/\/www.delphiinstitutet.se\/en\/wp-json\/wp\/v2\/media?parent=1355"}],"curies":[{"name":"wp","href":"https:\/\/api.w.org\/{rel}","templated":true}]}}